{"id":469,"date":"2024-05-10T08:34:43","date_gmt":"2024-05-10T06:34:43","guid":{"rendered":"https:\/\/www.mtec-systems.ch\/energy-solution\/"},"modified":"2025-04-22T12:34:34","modified_gmt":"2025-04-22T10:34:34","slug":"energy-solution","status":"publish","type":"page","link":"https:\/\/www.mtec-systems.ch\/it\/energy-solution\/","title":{"rendered":"Energy solution"},"content":{"rendered":"\t\t<div data-elementor-type=\"wp-page\" data-elementor-id=\"469\" class=\"elementor elementor-469 elementor-438\" data-elementor-post-type=\"page\">\n\t\t\t\t\t\t<section class=\"elementor-section elementor-top-section elementor-element elementor-element-8dd4d4e elementor-section-boxed elementor-section-height-default elementor-section-height-default\" data-id=\"8dd4d4e\" data-element_type=\"section\" data-e-type=\"section\">\n\t\t\t\t\t\t<div class=\"elementor-container elementor-column-gap-default\">\n\t\t\t\t\t<div class=\"elementor-column elementor-col-50 elementor-top-column elementor-element elementor-element-61563f2\" data-id=\"61563f2\" data-element_type=\"column\" data-e-type=\"column\">\n\t\t\t<div class=\"elementor-widget-wrap elementor-element-populated\">\n\t\t\t\t\t\t<div class=\"elementor-element elementor-element-406eb15 elementor-widget elementor-widget-heading\" data-id=\"406eb15\" data-element_type=\"widget\" data-e-type=\"widget\" data-widget_type=\"heading.default\">\n\t\t\t\t<div class=\"elementor-widget-container\">\n\t\t\t\t\t<h1 class=\"elementor-heading-title elementor-size-default\">PRODOTTI E SERVIZI PER UN FUTURO SOSTENIBILE<\/h1>\t\t\t\t<\/div>\n\t\t\t\t<\/div>\n\t\t\t\t<div class=\"elementor-element elementor-element-87a8b54 elementor-widget elementor-widget-heading\" data-id=\"87a8b54\" data-element_type=\"widget\" data-e-type=\"widget\" data-widget_type=\"heading.default\">\n\t\t\t\t<div class=\"elementor-widget-container\">\n\t\t\t\t\t<h2 class=\"elementor-heading-title elementor-size-default\">Prodotti e servizi per la produzione e la gestione di elettricit\u00e0, calore e mobilit\u00e0<\/h2>\t\t\t\t<\/div>\n\t\t\t\t<\/div>\n\t\t\t\t<div class=\"elementor-element elementor-element-03b9438 elementor-widget elementor-widget-text-editor\" data-id=\"03b9438\" data-element_type=\"widget\" data-e-type=\"widget\" data-widget_type=\"text-editor.default\">\n\t\t\t\t<div class=\"elementor-widget-container\">\n\t\t\t\t\t\t\t\t\t<p>Offriamo ad architetti, promotori immobiliari, progettisti, installatori e altri esperti soluzioni concrete e fattibili a partire da un sistema modulare preconfigurato. <strong>Sfruttate la nostra esperienza e il nostro know-how di 50 anni per sviluppare concetti energetici sostenibili.<\/strong><\/p>\t\t\t\t\t\t\t\t<\/div>\n\t\t\t\t<\/div>\n\t\t\t\t\t<\/div>\n\t\t<\/div>\n\t\t\t\t<div class=\"elementor-column elementor-col-50 elementor-top-column elementor-element elementor-element-92d6202\" data-id=\"92d6202\" data-element_type=\"column\" data-e-type=\"column\">\n\t\t\t<div class=\"elementor-widget-wrap\">\n\t\t\t\t\t\t\t<\/div>\n\t\t<\/div>\n\t\t\t\t\t<\/div>\n\t\t<\/section>\n\t\t\t\t<section class=\"elementor-section elementor-top-section elementor-element elementor-element-989085a elementor-section-full_width elementor-section-height-default elementor-section-height-default\" data-id=\"989085a\" data-element_type=\"section\" data-e-type=\"section\">\n\t\t\t\t\t\t<div class=\"elementor-container elementor-column-gap-default\">\n\t\t\t\t\t<div class=\"elementor-column elementor-col-100 elementor-top-column elementor-element elementor-element-68ddb04\" data-id=\"68ddb04\" data-element_type=\"column\" data-e-type=\"column\">\n\t\t\t<div class=\"elementor-widget-wrap elementor-element-populated\">\n\t\t\t\t\t\t<div class=\"elementor-element elementor-element-bcca6e9 elementor-widget-divider--view-line elementor-widget elementor-widget-divider\" data-id=\"bcca6e9\" data-element_type=\"widget\" data-e-type=\"widget\" data-widget_type=\"divider.default\">\n\t\t\t\t<div class=\"elementor-widget-container\">\n\t\t\t\t\t\t\t<div class=\"elementor-divider\">\n\t\t\t<span class=\"elementor-divider-separator\">\n\t\t\t\t\t\t<\/span>\n\t\t<\/div>\n\t\t\t\t\t\t<\/div>\n\t\t\t\t<\/div>\n\t\t\t\t\t<\/div>\n\t\t<\/div>\n\t\t\t\t\t<\/div>\n\t\t<\/section>\n\t\t<div class=\"elementor-element elementor-element-ee831a1 e-flex e-con-boxed e-con e-parent\" data-id=\"ee831a1\" data-element_type=\"container\" data-e-type=\"container\">\n\t\t\t\t\t<div class=\"e-con-inner\">\n\t\t<div class=\"elementor-element elementor-element-fe43cd0 e-con-full e-flex e-con e-child\" data-id=\"fe43cd0\" data-element_type=\"container\" data-e-type=\"container\">\n\t\t\t\t<div class=\"elementor-element elementor-element-bb18a95 elementor-widget elementor-widget-heading\" data-id=\"bb18a95\" data-element_type=\"widget\" data-e-type=\"widget\" data-widget_type=\"heading.default\">\n\t\t\t\t<div class=\"elementor-widget-container\">\n\t\t\t\t\t<h2 class=\"elementor-heading-title elementor-size-default\"><b>E-SMART: <\/b> L'app per la gestione dell'energia<\/h2>\t\t\t\t<\/div>\n\t\t\t\t<\/div>\n\t\t\t\t<div class=\"elementor-element elementor-element-b7fbe7e elementor-widget elementor-widget-heading\" data-id=\"b7fbe7e\" data-element_type=\"widget\" data-e-type=\"widget\" data-widget_type=\"heading.default\">\n\t\t\t\t<div class=\"elementor-widget-container\">\n\t\t\t\t\t<h3 class=\"elementor-heading-title elementor-size-default\">Gestite il vostro consumo energetico in modo efficiente e conveniente. Scaricate subito e godete oggi dei vantaggi di domani!<\/h3>\t\t\t\t<\/div>\n\t\t\t\t<\/div>\n\t\t\t\t<div class=\"elementor-element elementor-element-438a589 elementor-align-left elementor-widget elementor-widget-button\" data-id=\"438a589\" data-element_type=\"widget\" data-e-type=\"widget\" data-widget_type=\"button.default\">\n\t\t\t\t<div class=\"elementor-widget-container\">\n\t\t\t\t\t\t\t\t\t<div class=\"elementor-button-wrapper\">\n\t\t\t\t\t<a class=\"elementor-button elementor-button-link elementor-size-lg\" href=\"https:\/\/www.mtec-systems.it\/products\/e-smart-app\/\" target=\"_blank\" rel=\"noopener\">\n\t\t\t\t\t\t<span class=\"elementor-button-content-wrapper\">\n\t\t\t\t\t\t<span class=\"elementor-button-icon\">\n\t\t\t\t<svg aria-hidden=\"true\" class=\"e-font-icon-svg e-far-caret-square-right\" viewBox=\"0 0 448 512\" xmlns=\"http:\/\/www.w3.org\/2000\/svg\"><path d=\"M176 354.9V157.1c0-10.7 13-16.1 20.5-8.5l98.3 98.9c4.7 4.7 4.7 12.2 0 16.9l-98.3 98.9c-7.5 7.7-20.5 2.3-20.5-8.4zM448 80v352c0 26.5-21.5 48-48 48H48c-26.5 0-48-21.5-48-48V80c0-26.5 21.5-48 48-48h352c26.5 0 48 21.5 48 48zm-48 346V86c0-3.3-2.7-6-6-6H54c-3.3 0-6 2.7-6 6v340c0 3.3 2.7 6 6 6h340c3.3 0 6-2.7 6-6z\"><\/path><\/svg>\t\t\t<\/span>\n\t\t\t\t\t\t\t\t\t<span class=\"elementor-button-text\">E-SMART APP<\/span>\n\t\t\t\t\t<\/span>\n\t\t\t\t\t<\/a>\n\t\t\t\t<\/div>\n\t\t\t\t\t\t\t\t<\/div>\n\t\t\t\t<\/div>\n\t\t\t\t<\/div>\n\t\t<div class=\"elementor-element elementor-element-02472be e-con-full e-flex e-con e-child\" data-id=\"02472be\" data-element_type=\"container\" data-e-type=\"container\">\n\t\t\t\t<div class=\"elementor-element elementor-element-c2742d0 elementor-widget elementor-widget-image\" data-id=\"c2742d0\" data-element_type=\"widget\" data-e-type=\"widget\" data-widget_type=\"image.default\">\n\t\t\t\t<div class=\"elementor-widget-container\">\n\t\t\t\t\t\t\t\t\t\t\t\t\t\t\t<img fetchpriority=\"high\" decoding=\"async\" width=\"800\" height=\"921\" src=\"https:\/\/www.mtec-systems.ch\/wp-content\/uploads\/sites\/31\/2024\/11\/handy-montage-1-1-889x1024.png\" class=\"attachment-large size-large wp-image-855\" alt=\"Das Dashboard der E-Smart-App\" srcset=\"https:\/\/www.mtec-systems.ch\/wp-content\/uploads\/sites\/31\/2024\/11\/handy-montage-1-1-889x1024.png 889w, https:\/\/www.mtec-systems.ch\/wp-content\/uploads\/sites\/31\/2024\/11\/handy-montage-1-1-261x300.png 261w, https:\/\/www.mtec-systems.ch\/wp-content\/uploads\/sites\/31\/2024\/11\/handy-montage-1-1-768x884.png 768w, https:\/\/www.mtec-systems.ch\/wp-content\/uploads\/sites\/31\/2024\/11\/handy-montage-1-1-1334x1536.png 1334w, https:\/\/www.mtec-systems.ch\/wp-content\/uploads\/sites\/31\/2024\/11\/handy-montage-1-1.png 1500w\" sizes=\"(max-width: 800px) 100vw, 800px\" \/>\t\t\t\t\t\t\t\t\t\t\t\t\t\t\t<\/div>\n\t\t\t\t<\/div>\n\t\t\t\t<\/div>\n\t\t\t\t\t<\/div>\n\t\t\t\t<\/div>\n\t\t\t\t<section class=\"elementor-section elementor-top-section elementor-element elementor-element-5773d0e elementor-section-full_width elementor-section-height-default elementor-section-height-default\" data-id=\"5773d0e\" data-element_type=\"section\" data-e-type=\"section\">\n\t\t\t\t\t\t<div class=\"elementor-container elementor-column-gap-default\">\n\t\t\t\t\t<div class=\"elementor-column elementor-col-100 elementor-top-column elementor-element elementor-element-9f4c917\" data-id=\"9f4c917\" data-element_type=\"column\" data-e-type=\"column\">\n\t\t\t<div class=\"elementor-widget-wrap elementor-element-populated\">\n\t\t\t\t\t\t<div class=\"elementor-element elementor-element-855aa29 elementor-widget-divider--view-line elementor-widget elementor-widget-divider\" data-id=\"855aa29\" data-element_type=\"widget\" data-e-type=\"widget\" data-widget_type=\"divider.default\">\n\t\t\t\t<div class=\"elementor-widget-container\">\n\t\t\t\t\t\t\t<div class=\"elementor-divider\">\n\t\t\t<span class=\"elementor-divider-separator\">\n\t\t\t\t\t\t<\/span>\n\t\t<\/div>\n\t\t\t\t\t\t<\/div>\n\t\t\t\t<\/div>\n\t\t\t\t\t<\/div>\n\t\t<\/div>\n\t\t\t\t\t<\/div>\n\t\t<\/section>\n\t\t<div class=\"elementor-element elementor-element-46c13b5 e-flex e-con-boxed e-con e-parent\" data-id=\"46c13b5\" data-element_type=\"container\" data-e-type=\"container\">\n\t\t\t\t\t<div class=\"e-con-inner\">\n\t\t\t\t<div class=\"elementor-element elementor-element-97843db elementor-headline--style-highlight elementor-widget elementor-widget-animated-headline\" data-id=\"97843db\" data-element_type=\"widget\" data-e-type=\"widget\" data-settings=\"{&quot;marker&quot;:&quot;underline&quot;,&quot;highlighted_text&quot;:&quot;Design&quot;,&quot;headline_style&quot;:&quot;highlight&quot;,&quot;loop&quot;:&quot;yes&quot;,&quot;highlight_animation_duration&quot;:1200,&quot;highlight_iteration_delay&quot;:8000}\" data-widget_type=\"animated-headline.default\">\n\t\t\t\t<div class=\"elementor-widget-container\">\n\t\t\t\t\t\t\t<h3 class=\"elementor-headline\">\n\t\t\t\t\t<span class=\"elementor-headline-plain-text elementor-headline-text-wrapper\">New<\/span>\n\t\t\t\t<span class=\"elementor-headline-dynamic-wrapper elementor-headline-text-wrapper\">\n\t\t\t\t\t<span class=\"elementor-headline-dynamic-text elementor-headline-text-active\">Design<\/span>\n\t\t\t\t<\/span>\n\t\t\t\t\t<span class=\"elementor-headline-plain-text elementor-headline-text-wrapper\"><br>coming soon!<\/span>\n\t\t\t\t\t<\/h3>\n\t\t\t\t\t\t<\/div>\n\t\t\t\t<\/div>\n\t\t<div class=\"elementor-element elementor-element-50a7c28 e-con-full e-flex e-con e-child\" data-id=\"50a7c28\" data-element_type=\"container\" data-e-type=\"container\">\n\t\t\t\t<div class=\"elementor-element elementor-element-3c9fe45 elementor-position-left elementor-vertical-align-top elementor-widget elementor-widget-image-box\" data-id=\"3c9fe45\" data-element_type=\"widget\" data-e-type=\"widget\" data-widget_type=\"image-box.default\">\n\t\t\t\t<div class=\"elementor-widget-container\">\n\t\t\t\t\t<div class=\"elementor-image-box-wrapper\"><figure class=\"elementor-image-box-img\"><a href=\"https:\/\/www.mtec-systems.it\/products\/energy-hero\/\" tabindex=\"-1\" target=\"_blank\" rel=\"noopener\"><img decoding=\"async\" width=\"1024\" height=\"1024\" src=\"https:\/\/www.mtec-systems.ch\/wp-content\/uploads\/sites\/31\/2024\/11\/Energy-Hero-3.png\" class=\"attachment-full size-full wp-image-881\" alt=\"All-in-one L\u00f6sung in neuem Design, der Energy-Hero\" srcset=\"https:\/\/www.mtec-systems.ch\/wp-content\/uploads\/sites\/31\/2024\/11\/Energy-Hero-3.png 1024w, https:\/\/www.mtec-systems.ch\/wp-content\/uploads\/sites\/31\/2024\/11\/Energy-Hero-3-300x300.png 300w, https:\/\/www.mtec-systems.ch\/wp-content\/uploads\/sites\/31\/2024\/11\/Energy-Hero-3-150x150.png 150w, https:\/\/www.mtec-systems.ch\/wp-content\/uploads\/sites\/31\/2024\/11\/Energy-Hero-3-768x768.png 768w\" sizes=\"(max-width: 1024px) 100vw, 1024px\" \/><\/a><\/figure><div class=\"elementor-image-box-content\"><h3 class=\"elementor-image-box-title\"><a href=\"https:\/\/www.mtec-systems.it\/products\/energy-hero\/\" target=\"_blank\" rel=\"noopener\">ENERGY-HERO<sup>&reg;<\/sup><\/a><\/h3><p class=\"elementor-image-box-description\">Il contatore intelligente si occupa della distribuzione dell'energia nell'edificio. Combina le funzioni di un contatore di energia e di un sistema di gestione dell'energia in un unico dispositivo.<\/p><\/div><\/div>\t\t\t\t<\/div>\n\t\t\t\t<\/div>\n\t\t\t\t<\/div>\n\t\t<div class=\"elementor-element elementor-element-8bb7bfc e-con-full e-flex e-con e-child\" data-id=\"8bb7bfc\" data-element_type=\"container\" data-e-type=\"container\">\n\t\t\t\t<div class=\"elementor-element elementor-element-0c15c57 elementor-position-left elementor-vertical-align-top elementor-widget elementor-widget-image-box\" data-id=\"0c15c57\" data-element_type=\"widget\" data-e-type=\"widget\" data-widget_type=\"image-box.default\">\n\t\t\t\t<div class=\"elementor-widget-container\">\n\t\t\t\t\t<div class=\"elementor-image-box-wrapper\"><figure class=\"elementor-image-box-img\"><a href=\"https:\/\/www.mtec-systems.it\/products\/energy-wizard\/\" tabindex=\"-1\" target=\"_blank\" rel=\"noopener\"><img decoding=\"async\" width=\"2560\" height=\"1824\" src=\"https:\/\/www.mtec-systems.ch\/wp-content\/uploads\/sites\/31\/2024\/05\/4-25KW_MTec-1-1-3.png\" class=\"attachment-full size-full wp-image-506\" alt=\"Energy-Wizard, Wechselrichter, der den Speicher des Energy-Butler aufr\u00fcsten kann\" srcset=\"https:\/\/www.mtec-systems.ch\/wp-content\/uploads\/sites\/31\/2024\/05\/4-25KW_MTec-1-1-3.png 2560w, https:\/\/www.mtec-systems.ch\/wp-content\/uploads\/sites\/31\/2024\/05\/4-25KW_MTec-1-1-3-300x214.png 300w, https:\/\/www.mtec-systems.ch\/wp-content\/uploads\/sites\/31\/2024\/05\/4-25KW_MTec-1-1-3-1024x730.png 1024w, https:\/\/www.mtec-systems.ch\/wp-content\/uploads\/sites\/31\/2024\/05\/4-25KW_MTec-1-1-3-768x547.png 768w, https:\/\/www.mtec-systems.ch\/wp-content\/uploads\/sites\/31\/2024\/05\/4-25KW_MTec-1-1-3-1536x1094.png 1536w, https:\/\/www.mtec-systems.ch\/wp-content\/uploads\/sites\/31\/2024\/05\/4-25KW_MTec-1-1-3-2048x1459.png 2048w\" sizes=\"(max-width: 2560px) 100vw, 2560px\" \/><\/a><\/figure><div class=\"elementor-image-box-content\"><h3 class=\"elementor-image-box-title\"><a href=\"https:\/\/www.mtec-systems.it\/products\/energy-wizard\/\" target=\"_blank\" rel=\"noopener\">ENERGY-WIZARD<\/a><\/h3><p class=\"elementor-image-box-description\">Inverter fotovoltaici monofase e trifase da 3,6 a 25 kW. Installazione facile e veloce grazie al design plug &amp; play. Si distingue per i bassi consumi durante il funzionamento.<\/p><\/div><\/div>\t\t\t\t<\/div>\n\t\t\t\t<\/div>\n\t\t\t\t<\/div>\n\t\t<div class=\"elementor-element elementor-element-2305314 e-con-full e-flex e-con e-child\" data-id=\"2305314\" data-element_type=\"container\" data-e-type=\"container\">\n\t\t\t\t<div class=\"elementor-element elementor-element-a8c3a70 elementor-position-left elementor-vertical-align-top elementor-widget elementor-widget-image-box\" data-id=\"a8c3a70\" data-element_type=\"widget\" data-e-type=\"widget\" data-widget_type=\"image-box.default\">\n\t\t\t\t<div class=\"elementor-widget-container\">\n\t\t\t\t\t<div class=\"elementor-image-box-wrapper\"><figure class=\"elementor-image-box-img\"><a href=\"https:\/\/www.mtec-systems.it\/products\/energy-butler\/\" tabindex=\"-1\" target=\"_blank\" rel=\"noopener\"><img loading=\"lazy\" decoding=\"async\" width=\"1000\" height=\"1000\" src=\"https:\/\/www.mtec-systems.ch\/wp-content\/uploads\/sites\/31\/2024\/05\/butler-beide_2-1-1-3.jpg\" class=\"attachment-full size-full wp-image-510\" alt=\"zwei gro\u00dfe Ger\u00e4te in Wei\u00df stehen nebeneinander\" srcset=\"https:\/\/www.mtec-systems.ch\/wp-content\/uploads\/sites\/31\/2024\/05\/butler-beide_2-1-1-3.jpg 1000w, https:\/\/www.mtec-systems.ch\/wp-content\/uploads\/sites\/31\/2024\/05\/butler-beide_2-1-1-3-300x300.jpg 300w, https:\/\/www.mtec-systems.ch\/wp-content\/uploads\/sites\/31\/2024\/05\/butler-beide_2-1-1-3-150x150.jpg 150w, https:\/\/www.mtec-systems.ch\/wp-content\/uploads\/sites\/31\/2024\/05\/butler-beide_2-1-1-3-768x768.jpg 768w\" sizes=\"(max-width: 1000px) 100vw, 1000px\" \/><\/a><\/figure><div class=\"elementor-image-box-content\"><h3 class=\"elementor-image-box-title\"><a href=\"https:\/\/www.mtec-systems.it\/products\/energy-butler\/\" target=\"_blank\" rel=\"noopener\">ENERGY-BUTLER<\/a><\/h3><p class=\"elementor-image-box-description\">Inverter e batterie di accumulo in soluzione compatta all-in-one. fotovoltaici monofase e trifase da 7,7 a 30,7 kWh. Installazione facile e veloce grazie al design plug &amp; play. Si distingue per i bassi consumi durante il \nfunzionamento.<\/p><\/div><\/div>\t\t\t\t<\/div>\n\t\t\t\t<\/div>\n\t\t\t\t<\/div>\n\t\t<div class=\"elementor-element elementor-element-83dac81 e-con-full e-flex e-con e-child\" data-id=\"83dac81\" data-element_type=\"container\" data-e-type=\"container\">\n\t\t\t\t<div class=\"elementor-element elementor-element-1e8fd06 elementor-position-left elementor-vertical-align-top elementor-widget elementor-widget-image-box\" data-id=\"1e8fd06\" data-element_type=\"widget\" data-e-type=\"widget\" data-widget_type=\"image-box.default\">\n\t\t\t\t<div class=\"elementor-widget-container\">\n\t\t\t\t\t<div class=\"elementor-image-box-wrapper\"><figure class=\"elementor-image-box-img\"><a href=\"https:\/\/www.mtec-systems.it\/products\/energy-block\/\" tabindex=\"-1\" target=\"_blank\" rel=\"noopener\"><img loading=\"lazy\" decoding=\"async\" width=\"1000\" height=\"1000\" src=\"https:\/\/www.mtec-systems.ch\/wp-content\/uploads\/sites\/31\/2024\/05\/block_24-1-1-3.jpg\" class=\"attachment-full size-full wp-image-514\" alt=\"Energy-Block mit neuen Batteriemodulen in Schwarz und Wei\u00df\" srcset=\"https:\/\/www.mtec-systems.ch\/wp-content\/uploads\/sites\/31\/2024\/05\/block_24-1-1-3.jpg 1000w, https:\/\/www.mtec-systems.ch\/wp-content\/uploads\/sites\/31\/2024\/05\/block_24-1-1-3-300x300.jpg 300w, https:\/\/www.mtec-systems.ch\/wp-content\/uploads\/sites\/31\/2024\/05\/block_24-1-1-3-150x150.jpg 150w, https:\/\/www.mtec-systems.ch\/wp-content\/uploads\/sites\/31\/2024\/05\/block_24-1-1-3-768x768.jpg 768w\" sizes=\"(max-width: 1000px) 100vw, 1000px\" \/><\/a><\/figure><div class=\"elementor-image-box-content\"><h3 class=\"elementor-image-box-title\"><a href=\"https:\/\/www.mtec-systems.it\/products\/energy-block\/\" target=\"_blank\" rel=\"noopener\">ENERGY-BLOCK<\/a><\/h3><p class=\"elementor-image-box-description\">La potente unit\u00e0 di accumulo multifunzionale da 38 kWh a 1,8 MWh per una capacit\u00e0 di carica e scarica molto elevata, un funzionamento completo in caso di emergenza e un'installazione facile e veloce.<\/p><\/div><\/div>\t\t\t\t<\/div>\n\t\t\t\t<\/div>\n\t\t\t\t<\/div>\n\t\t<div class=\"elementor-element elementor-element-90ee281 e-con-full e-flex e-con e-child\" data-id=\"90ee281\" data-element_type=\"container\" data-e-type=\"container\">\n\t\t\t\t<div class=\"elementor-element elementor-element-20b2b75 elementor-position-left elementor-vertical-align-top elementor-widget elementor-widget-image-box\" data-id=\"20b2b75\" data-element_type=\"widget\" data-e-type=\"widget\" data-widget_type=\"image-box.default\">\n\t\t\t\t<div class=\"elementor-widget-container\">\n\t\t\t\t\t<div class=\"elementor-image-box-wrapper\"><figure class=\"elementor-image-box-img\"><a href=\"https:\/\/www.mtec-systems.it\/products\/energy-heater\/\" tabindex=\"-1\" target=\"_blank\" rel=\"noopener\"><img loading=\"lazy\" decoding=\"async\" width=\"1992\" height=\"1596\" src=\"https:\/\/www.mtec-systems.ch\/wp-content\/uploads\/sites\/31\/2024\/05\/heater-1-1-1-3.png\" class=\"attachment-full size-full wp-image-518\" alt=\"Der effiziente Warmwasserbereiter Energy-Heater in wei\u00df-schwarzem Design\" srcset=\"https:\/\/www.mtec-systems.ch\/wp-content\/uploads\/sites\/31\/2024\/05\/heater-1-1-1-3.png 1992w, https:\/\/www.mtec-systems.ch\/wp-content\/uploads\/sites\/31\/2024\/05\/heater-1-1-1-3-300x240.png 300w, https:\/\/www.mtec-systems.ch\/wp-content\/uploads\/sites\/31\/2024\/05\/heater-1-1-1-3-1024x820.png 1024w, https:\/\/www.mtec-systems.ch\/wp-content\/uploads\/sites\/31\/2024\/05\/heater-1-1-1-3-768x615.png 768w, https:\/\/www.mtec-systems.ch\/wp-content\/uploads\/sites\/31\/2024\/05\/heater-1-1-1-3-1536x1231.png 1536w\" sizes=\"(max-width: 1992px) 100vw, 1992px\" \/><\/a><\/figure><div class=\"elementor-image-box-content\"><h3 class=\"elementor-image-box-title\"><a href=\"https:\/\/www.mtec-systems.it\/products\/energy-heater\/\" target=\"_blank\" rel=\"noopener\">ENERGY-HEATER<\/a><\/h3><p class=\"elementor-image-box-description\">Regolazione continua della potenza per elementi riscaldanti fino a 9 kW per la semplice preparazione dell'acqua calda utilizzando l'eccedenza fotovoltaica. Possibilit\u00e0 di collegare elementi di riscaldamento monofase e trifase.<\/p><\/div><\/div>\t\t\t\t<\/div>\n\t\t\t\t<\/div>\n\t\t\t\t<\/div>\n\t\t<div class=\"elementor-element elementor-element-1c0e3f5 e-con-full e-flex e-con e-child\" data-id=\"1c0e3f5\" data-element_type=\"container\" data-e-type=\"container\">\n\t\t\t\t<div class=\"elementor-element elementor-element-187f70e elementor-position-left elementor-vertical-align-top elementor-widget elementor-widget-image-box\" data-id=\"187f70e\" data-element_type=\"widget\" data-e-type=\"widget\" data-widget_type=\"image-box.default\">\n\t\t\t\t<div class=\"elementor-widget-container\">\n\t\t\t\t\t<div class=\"elementor-image-box-wrapper\"><figure class=\"elementor-image-box-img\"><a href=\"https:\/\/www.mtec-systems.it\/products\/energy-charger\/\" tabindex=\"-1\" target=\"_blank\" rel=\"noopener\"><img loading=\"lazy\" decoding=\"async\" width=\"2079\" height=\"2560\" src=\"https:\/\/www.mtec-systems.ch\/wp-content\/uploads\/sites\/31\/2024\/05\/wallbox_freigestellt-1-1-3.png\" class=\"attachment-full size-full wp-image-522\" alt=\"Energy-Charger ist eine Ladestation, die den Speicher des Energy-Butler aufr\u00fcsten kann\" srcset=\"https:\/\/www.mtec-systems.ch\/wp-content\/uploads\/sites\/31\/2024\/05\/wallbox_freigestellt-1-1-3.png 2079w, https:\/\/www.mtec-systems.ch\/wp-content\/uploads\/sites\/31\/2024\/05\/wallbox_freigestellt-1-1-3-244x300.png 244w, https:\/\/www.mtec-systems.ch\/wp-content\/uploads\/sites\/31\/2024\/05\/wallbox_freigestellt-1-1-3-832x1024.png 832w, https:\/\/www.mtec-systems.ch\/wp-content\/uploads\/sites\/31\/2024\/05\/wallbox_freigestellt-1-1-3-768x946.png 768w, https:\/\/www.mtec-systems.ch\/wp-content\/uploads\/sites\/31\/2024\/05\/wallbox_freigestellt-1-1-3-1247x1536.png 1247w, https:\/\/www.mtec-systems.ch\/wp-content\/uploads\/sites\/31\/2024\/05\/wallbox_freigestellt-1-1-3-1663x2048.png 1663w\" sizes=\"(max-width: 2079px) 100vw, 2079px\" \/><\/a><\/figure><div class=\"elementor-image-box-content\"><h3 class=\"elementor-image-box-title\"><a href=\"https:\/\/www.mtec-systems.it\/products\/energy-charger\/\" target=\"_blank\" rel=\"noopener\">ENERGY-CHARGER <\/a><\/h3><p class=\"elementor-image-box-description\">Robusta stazione di ricarica per 11 kW o 22 kW. Sviluppata, progettata e prodotta in Austria. Disponibile con commutazione di fase 1p - 3p integrata, RFID, LAN, WLAN e con diritti di misurazione e calibrazione. Installazione e configurazione semplici.<\/p><\/div><\/div>\t\t\t\t<\/div>\n\t\t\t\t<\/div>\n\t\t\t\t<\/div>\n\t\t\t\t\t<\/div>\n\t\t\t\t<\/div>\n\t\t\t\t<\/div>\n\t\t","protected":false},"excerpt":{"rendered":"<p>PRODOTTI E SERVIZI PER UN FUTURO SOSTENIBILE Prodotti e servizi per la produzione e la gestione di elettricit\u00e0, calore e mobilit\u00e0 Offriamo ad architetti, promotori immobiliari, progettisti, installatori e altri esperti soluzioni concrete e fattibili a partire da un sistema modulare preconfigurato. Sfruttate la nostra esperienza e il nostro know-how di 50 anni per sviluppare [&hellip;]<\/p>\n","protected":false},"author":16,"featured_media":0,"parent":0,"menu_order":0,"comment_status":"closed","ping_status":"closed","template":"","meta":{"footnotes":""},"class_list":["post-469","page","type-page","status-publish","hentry"],"_links":{"self":[{"href":"https:\/\/www.mtec-systems.ch\/it\/wp-json\/wp\/v2\/pages\/469","targetHints":{"allow":["GET"]}}],"collection":[{"href":"https:\/\/www.mtec-systems.ch\/it\/wp-json\/wp\/v2\/pages"}],"about":[{"href":"https:\/\/www.mtec-systems.ch\/it\/wp-json\/wp\/v2\/types\/page"}],"author":[{"embeddable":true,"href":"https:\/\/www.mtec-systems.ch\/it\/wp-json\/wp\/v2\/users\/16"}],"replies":[{"embeddable":true,"href":"https:\/\/www.mtec-systems.ch\/it\/wp-json\/wp\/v2\/comments?post=469"}],"version-history":[{"count":3,"href":"https:\/\/www.mtec-systems.ch\/it\/wp-json\/wp\/v2\/pages\/469\/revisions"}],"predecessor-version":[{"id":973,"href":"https:\/\/www.mtec-systems.ch\/it\/wp-json\/wp\/v2\/pages\/469\/revisions\/973"}],"wp:attachment":[{"href":"https:\/\/www.mtec-systems.ch\/it\/wp-json\/wp\/v2\/media?parent=469"}],"curies":[{"name":"wp","href":"https:\/\/api.w.org\/{rel}","templated":true}]}}