{"id":655,"date":"2024-04-30T10:46:06","date_gmt":"2024-04-30T08:46:06","guid":{"rendered":"https:\/\/www.mtec-systems.ch\/imprint\/"},"modified":"2024-05-10T09:51:01","modified_gmt":"2024-05-10T07:51:01","slug":"imprint","status":"publish","type":"page","link":"https:\/\/www.mtec-systems.ch\/fr\/imprint\/","title":{"rendered":"Imprint"},"content":{"rendered":"\t\t<div data-elementor-type=\"wp-page\" data-elementor-id=\"655\" class=\"elementor elementor-655 elementor-62\" data-elementor-post-type=\"page\">\n\t\t\t\t\t\t<section class=\"elementor-section elementor-top-section elementor-element elementor-element-513a27b elementor-section-boxed elementor-section-height-default elementor-section-height-default\" data-id=\"513a27b\" data-element_type=\"section\" data-e-type=\"section\">\n\t\t\t\t\t\t<div class=\"elementor-container elementor-column-gap-default\">\n\t\t\t\t\t<div class=\"elementor-column elementor-col-100 elementor-top-column elementor-element elementor-element-cdc0614\" data-id=\"cdc0614\" data-element_type=\"column\" data-e-type=\"column\">\n\t\t\t<div class=\"elementor-widget-wrap elementor-element-populated\">\n\t\t\t\t\t\t<div class=\"elementor-element elementor-element-bf85d64 elementor-widget elementor-widget-heading\" data-id=\"bf85d64\" data-element_type=\"widget\" data-e-type=\"widget\" data-widget_type=\"heading.default\">\n\t\t\t\t<div class=\"elementor-widget-container\">\n\t\t\t\t\t<h1 class=\"elementor-heading-title elementor-size-default\">Impression<\/h1>\t\t\t\t<\/div>\n\t\t\t\t<\/div>\n\t\t\t\t<div class=\"elementor-element elementor-element-5a69625 elementor-widget elementor-widget-heading\" data-id=\"5a69625\" data-element_type=\"widget\" data-e-type=\"widget\" data-widget_type=\"heading.default\">\n\t\t\t\t<div class=\"elementor-widget-container\">\n\t\t\t\t\t<h3 class=\"elementor-heading-title elementor-size-default\">Obligation d'information conform\u00e9ment \u00e0 l'article 5 para. 1 de la loi sur le commerce \u00e9lectronique et obligation de divulgation en vertu de l'article 2 de la loi sur les m\u00e9dias <\/h3>\t\t\t\t<\/div>\n\t\t\t\t<\/div>\n\t\t\t\t\t<\/div>\n\t\t<\/div>\n\t\t\t\t\t<\/div>\n\t\t<\/section>\n\t\t\t\t<section class=\"elementor-section elementor-top-section elementor-element elementor-element-cbc3536 elementor-section-boxed elementor-section-height-default elementor-section-height-default\" data-id=\"cbc3536\" data-element_type=\"section\" data-e-type=\"section\">\n\t\t\t\t\t\t<div class=\"elementor-container elementor-column-gap-default\">\n\t\t\t\t\t<div class=\"elementor-column elementor-col-50 elementor-top-column elementor-element elementor-element-af64ae8\" data-id=\"af64ae8\" data-element_type=\"column\" data-e-type=\"column\">\n\t\t\t<div class=\"elementor-widget-wrap elementor-element-populated\">\n\t\t\t\t\t\t<div class=\"elementor-element elementor-element-1aef3af elementor-widget elementor-widget-text-editor\" data-id=\"1aef3af\" data-element_type=\"widget\" data-e-type=\"widget\" data-widget_type=\"text-editor.default\">\n\t\t\t\t<div class=\"elementor-widget-container\">\n\t\t\t\t\t\t\t\t\t<h4>Propri\u00e9taire du m\u00e9dia et \u00e9diteur : M-TEC GmbH<\/h4><h4><span style=\"font-family: 'Open Sans', sans-serif;font-size: 17px\">A-4812 Pinsdorf, Aum\u00fchlweg 20<\/span><\/h4><p>Tel. +43 7612 \/ 20805 \u2013 0<br \/><a href=\"mailto:office@mtec-systems.com\">office@mtec-systems.com<br \/><\/a>www.mtec-systems.com<\/p><p>Num\u00e9ro d&rsquo;enregistrement de la soci\u00e9t\u00e9 : FN 431221z<br \/>Tribunal de commerce : Tribunal cantonal de Linz<\/p><p><span style=\"font-weight: bolder\">Repr\u00e9sent\u00e9 par:<\/span>\u00a0Directeur DI(FH) Huemer Peter<\/p><p>Autoriteit overeenkomstig ECG : Autorit\u00e9 du district de Gmunden<\/p><p>L\u00e9gislation: http:\/\/www.ris.bka.gv.at<\/p>\t\t\t\t\t\t\t\t<\/div>\n\t\t\t\t<\/div>\n\t\t\t\t\t<\/div>\n\t\t<\/div>\n\t\t\t\t<div class=\"elementor-column elementor-col-50 elementor-top-column elementor-element elementor-element-ff449c9\" data-id=\"ff449c9\" data-element_type=\"column\" data-e-type=\"column\">\n\t\t\t<div class=\"elementor-widget-wrap\">\n\t\t\t\t\t\t\t<\/div>\n\t\t<\/div>\n\t\t\t\t\t<\/div>\n\t\t<\/section>\n\t\t\t\t<section class=\"elementor-section elementor-top-section elementor-element elementor-element-067284a elementor-section-full_width elementor-section-height-default elementor-section-height-default\" data-id=\"067284a\" data-element_type=\"section\" data-e-type=\"section\">\n\t\t\t\t\t\t<div class=\"elementor-container elementor-column-gap-default\">\n\t\t\t\t\t<div class=\"elementor-column elementor-col-100 elementor-top-column elementor-element elementor-element-bb09802\" data-id=\"bb09802\" data-element_type=\"column\" data-e-type=\"column\">\n\t\t\t<div class=\"elementor-widget-wrap elementor-element-populated\">\n\t\t\t\t\t\t<div class=\"elementor-element elementor-element-ce5f8ce elementor-widget-divider--view-line elementor-widget elementor-widget-divider\" data-id=\"ce5f8ce\" data-element_type=\"widget\" data-e-type=\"widget\" data-widget_type=\"divider.default\">\n\t\t\t\t<div class=\"elementor-widget-container\">\n\t\t\t\t\t\t\t<div class=\"elementor-divider\">\n\t\t\t<span class=\"elementor-divider-separator\">\n\t\t\t\t\t\t<\/span>\n\t\t<\/div>\n\t\t\t\t\t\t<\/div>\n\t\t\t\t<\/div>\n\t\t\t\t\t<\/div>\n\t\t<\/div>\n\t\t\t\t\t<\/div>\n\t\t<\/section>\n\t\t\t\t<section class=\"elementor-section elementor-top-section elementor-element elementor-element-1600bae elementor-section-boxed elementor-section-height-default elementor-section-height-default\" data-id=\"1600bae\" data-element_type=\"section\" data-e-type=\"section\">\n\t\t\t\t\t\t<div class=\"elementor-container elementor-column-gap-default\">\n\t\t\t\t\t<div class=\"elementor-column elementor-col-100 elementor-top-column elementor-element elementor-element-1158c0f\" data-id=\"1158c0f\" data-element_type=\"column\" data-e-type=\"column\">\n\t\t\t<div class=\"elementor-widget-wrap elementor-element-populated\">\n\t\t\t\t\t\t<div class=\"elementor-element elementor-element-212d504 elementor-widget elementor-widget-text-editor\" data-id=\"212d504\" data-element_type=\"widget\" data-e-type=\"widget\" data-widget_type=\"text-editor.default\">\n\t\t\t\t<div class=\"elementor-widget-container\">\n\t\t\t\t\t\t\t\t\t<h3>Dispositions l\u00e9gales<\/h3><p>Le site web de M-TEC et tous ses composants (images, illustrations, textes, animations, etc.) sont prot\u00e9g\u00e9s par le droit d&rsquo;auteur. Toute utilisation est interdite sans l&rsquo;accord de M-TEC. Ils ne peuvent \u00eatre utilis\u00e9s qu&rsquo;\u00e0 des fins personnelles et non commerciales. Les images (photographies) peuvent \u00eatre utilis\u00e9es gratuitement \u00e0 condition que le nom du photographe soit indiqu\u00e9. Le logo M-TEC ne peut \u00eatre utilis\u00e9, t\u00e9l\u00e9charg\u00e9, copi\u00e9 ou distribu\u00e9 &#8211; sauf pour un usage interne &#8211; sans l&rsquo;autorisation de M-TEC.<\/p><p>Le site web de M-TEC contient des liens vers d&rsquo;autres sites Internet qui sont totalement ind\u00e9pendants du pr\u00e9sent site. M-TEC ne peut donner aucune garantie contractuelle quant \u00e0 l&rsquo;exactitude, l&rsquo;exhaustivit\u00e9 ou l&rsquo;authenticit\u00e9 des informations contenues dans ces hyperliens ou dans tout autre site Internet. L&rsquo;acc\u00e8s \u00e0 tout autre site Internet li\u00e9 au site de M-TEC se fait \u00e0 vos propres risques.<\/p><p>Sous r\u00e9serve d&rsquo;erreurs et d&rsquo;omissions.<\/p>\t\t\t\t\t\t\t\t<\/div>\n\t\t\t\t<\/div>\n\t\t\t\t\t<\/div>\n\t\t<\/div>\n\t\t\t\t\t<\/div>\n\t\t<\/section>\n\t\t\t\t<\/div>\n\t\t","protected":false},"excerpt":{"rendered":"<p>Impression Obligation d&rsquo;information conform\u00e9ment \u00e0 l&rsquo;article 5 para. 1 de la loi sur le commerce \u00e9lectronique et obligation de divulgation en vertu de l&rsquo;article 2 de la loi sur les m\u00e9dias Propri\u00e9taire du m\u00e9dia et \u00e9diteur : M-TEC GmbH A-4812 Pinsdorf, Aum\u00fchlweg 20 Tel. +43 7612 \/ 20805 \u2013 0office@mtec-systems.comwww.mtec-systems.com Num\u00e9ro d&rsquo;enregistrement de la soci\u00e9t\u00e9 [&hellip;]<\/p>\n","protected":false},"author":2,"featured_media":0,"parent":0,"menu_order":0,"comment_status":"closed","ping_status":"closed","template":"","meta":{"footnotes":""},"class_list":["post-655","page","type-page","status-publish","hentry"],"_links":{"self":[{"href":"https:\/\/www.mtec-systems.ch\/fr\/wp-json\/wp\/v2\/pages\/655","targetHints":{"allow":["GET"]}}],"collection":[{"href":"https:\/\/www.mtec-systems.ch\/fr\/wp-json\/wp\/v2\/pages"}],"about":[{"href":"https:\/\/www.mtec-systems.ch\/fr\/wp-json\/wp\/v2\/types\/page"}],"author":[{"embeddable":true,"href":"https:\/\/www.mtec-systems.ch\/fr\/wp-json\/wp\/v2\/users\/2"}],"replies":[{"embeddable":true,"href":"https:\/\/www.mtec-systems.ch\/fr\/wp-json\/wp\/v2\/comments?post=655"}],"version-history":[{"count":3,"href":"https:\/\/www.mtec-systems.ch\/fr\/wp-json\/wp\/v2\/pages\/655\/revisions"}],"predecessor-version":[{"id":670,"href":"https:\/\/www.mtec-systems.ch\/fr\/wp-json\/wp\/v2\/pages\/655\/revisions\/670"}],"wp:attachment":[{"href":"https:\/\/www.mtec-systems.ch\/fr\/wp-json\/wp\/v2\/media?parent=655"}],"curies":[{"name":"wp","href":"https:\/\/api.w.org\/{rel}","templated":true}]}}