{"id":467,"date":"2024-05-10T08:34:43","date_gmt":"2024-05-10T06:34:43","guid":{"rendered":"https:\/\/www.mtec-systems.ch\/energy-solution\/"},"modified":"2025-04-22T12:30:44","modified_gmt":"2025-04-22T10:30:44","slug":"energy-solution","status":"publish","type":"page","link":"https:\/\/www.mtec-systems.ch\/fr\/energy-solution\/","title":{"rendered":"Energy solution"},"content":{"rendered":"\t\t<div data-elementor-type=\"wp-page\" data-elementor-id=\"467\" class=\"elementor elementor-467 elementor-438\" data-elementor-post-type=\"page\">\n\t\t\t\t\t\t<section class=\"elementor-section elementor-top-section elementor-element elementor-element-5f21f67 elementor-section-boxed elementor-section-height-default elementor-section-height-default\" data-id=\"5f21f67\" data-element_type=\"section\" data-e-type=\"section\">\n\t\t\t\t\t\t<div class=\"elementor-container elementor-column-gap-default\">\n\t\t\t\t\t<div class=\"elementor-column elementor-col-50 elementor-top-column elementor-element elementor-element-632f42d\" data-id=\"632f42d\" data-element_type=\"column\" data-e-type=\"column\">\n\t\t\t<div class=\"elementor-widget-wrap elementor-element-populated\">\n\t\t\t\t\t\t<div class=\"elementor-element elementor-element-e63ae9b elementor-widget elementor-widget-heading\" data-id=\"e63ae9b\" data-element_type=\"widget\" data-e-type=\"widget\" data-widget_type=\"heading.default\">\n\t\t\t\t<div class=\"elementor-widget-container\">\n\t\t\t\t\t<h1 class=\"elementor-heading-title elementor-size-default\">DES PRODUITS ET DES SERVICES POUR UN AVENIR DURABLE<\/h1>\t\t\t\t<\/div>\n\t\t\t\t<\/div>\n\t\t\t\t<div class=\"elementor-element elementor-element-19ae4f3 elementor-widget elementor-widget-heading\" data-id=\"19ae4f3\" data-element_type=\"widget\" data-e-type=\"widget\" data-widget_type=\"heading.default\">\n\t\t\t\t<div class=\"elementor-widget-container\">\n\t\t\t\t\t<h2 class=\"elementor-heading-title elementor-size-default\">Produits et services pour la production et la gestion de l'\u00e9lectricit\u00e9, de la chaleur et de la mobilit\u00e9<\/h2>\t\t\t\t<\/div>\n\t\t\t\t<\/div>\n\t\t\t\t<div class=\"elementor-element elementor-element-7f9b250 elementor-widget elementor-widget-text-editor\" data-id=\"7f9b250\" data-element_type=\"widget\" data-e-type=\"widget\" data-widget_type=\"text-editor.default\">\n\t\t\t\t<div class=\"elementor-widget-container\">\n\t\t\t\t\t\t\t\t\t<p>Nous proposons aux architectes, promoteurs immobiliers, planificateurs, installateurs et autres experts des solutions concr\u00e8tes et r\u00e9alisables \u00e0 partir d&rsquo;un syst\u00e8me modulaire pr\u00e9configur\u00e9. <strong>Profitez de notre exp\u00e9rience et de notre savoir-faire de 50 ans pour d\u00e9velopper des concepts \u00e9nerg\u00e9tiques durables.<\/strong><\/p>\t\t\t\t\t\t\t\t<\/div>\n\t\t\t\t<\/div>\n\t\t\t\t\t<\/div>\n\t\t<\/div>\n\t\t\t\t<div class=\"elementor-column elementor-col-50 elementor-top-column elementor-element elementor-element-7fdde83\" data-id=\"7fdde83\" data-element_type=\"column\" data-e-type=\"column\">\n\t\t\t<div class=\"elementor-widget-wrap\">\n\t\t\t\t\t\t\t<\/div>\n\t\t<\/div>\n\t\t\t\t\t<\/div>\n\t\t<\/section>\n\t\t\t\t<section class=\"elementor-section elementor-top-section elementor-element elementor-element-0652c55 elementor-section-full_width elementor-section-height-default elementor-section-height-default\" data-id=\"0652c55\" data-element_type=\"section\" data-e-type=\"section\">\n\t\t\t\t\t\t<div class=\"elementor-container elementor-column-gap-default\">\n\t\t\t\t\t<div class=\"elementor-column elementor-col-100 elementor-top-column elementor-element elementor-element-dd32347\" data-id=\"dd32347\" data-element_type=\"column\" data-e-type=\"column\">\n\t\t\t<div class=\"elementor-widget-wrap elementor-element-populated\">\n\t\t\t\t\t\t<div class=\"elementor-element elementor-element-9d3e1c8 elementor-widget-divider--view-line elementor-widget elementor-widget-divider\" data-id=\"9d3e1c8\" data-element_type=\"widget\" data-e-type=\"widget\" data-widget_type=\"divider.default\">\n\t\t\t\t<div class=\"elementor-widget-container\">\n\t\t\t\t\t\t\t<div class=\"elementor-divider\">\n\t\t\t<span class=\"elementor-divider-separator\">\n\t\t\t\t\t\t<\/span>\n\t\t<\/div>\n\t\t\t\t\t\t<\/div>\n\t\t\t\t<\/div>\n\t\t\t\t\t<\/div>\n\t\t<\/div>\n\t\t\t\t\t<\/div>\n\t\t<\/section>\n\t\t<div class=\"elementor-element elementor-element-d471a86 e-flex e-con-boxed e-con e-parent\" data-id=\"d471a86\" data-element_type=\"container\" data-e-type=\"container\">\n\t\t\t\t\t<div class=\"e-con-inner\">\n\t\t<div class=\"elementor-element elementor-element-5e3282b e-con-full e-flex e-con e-child\" data-id=\"5e3282b\" data-element_type=\"container\" data-e-type=\"container\">\n\t\t\t\t<div class=\"elementor-element elementor-element-affd404 elementor-widget elementor-widget-heading\" data-id=\"affd404\" data-element_type=\"widget\" data-e-type=\"widget\" data-widget_type=\"heading.default\">\n\t\t\t\t<div class=\"elementor-widget-container\">\n\t\t\t\t\t<h2 class=\"elementor-heading-title elementor-size-default\"><b>E-SMART: <\/b>L'application pour la gestion de l'\u00e9nergie <\/h2>\t\t\t\t<\/div>\n\t\t\t\t<\/div>\n\t\t\t\t<div class=\"elementor-element elementor-element-a6698ca elementor-widget elementor-widget-heading\" data-id=\"a6698ca\" data-element_type=\"widget\" data-e-type=\"widget\" data-widget_type=\"heading.default\">\n\t\t\t\t<div class=\"elementor-widget-container\">\n\t\t\t\t\t<h3 class=\"elementor-heading-title elementor-size-default\">G\u00e9rez votre consommation d'\u00e9nergie de mani\u00e8re efficace et pratique. T\u00e9l\u00e9chargez maintenant et profitez d\u00e8s aujourd'hui des avantages de demain!<\/h3>\t\t\t\t<\/div>\n\t\t\t\t<\/div>\n\t\t\t\t<div class=\"elementor-element elementor-element-a268615 elementor-align-left elementor-widget elementor-widget-button\" data-id=\"a268615\" data-element_type=\"widget\" data-e-type=\"widget\" data-widget_type=\"button.default\">\n\t\t\t\t<div class=\"elementor-widget-container\">\n\t\t\t\t\t\t\t\t\t<div class=\"elementor-button-wrapper\">\n\t\t\t\t\t<a class=\"elementor-button elementor-button-link elementor-size-lg\" href=\"https:\/\/www.mtec-systems.fr\/products\/e-smart-app\/\" target=\"_blank\" rel=\"noopener\">\n\t\t\t\t\t\t<span class=\"elementor-button-content-wrapper\">\n\t\t\t\t\t\t<span class=\"elementor-button-icon\">\n\t\t\t\t<svg aria-hidden=\"true\" class=\"e-font-icon-svg e-far-caret-square-right\" viewBox=\"0 0 448 512\" xmlns=\"http:\/\/www.w3.org\/2000\/svg\"><path d=\"M176 354.9V157.1c0-10.7 13-16.1 20.5-8.5l98.3 98.9c4.7 4.7 4.7 12.2 0 16.9l-98.3 98.9c-7.5 7.7-20.5 2.3-20.5-8.4zM448 80v352c0 26.5-21.5 48-48 48H48c-26.5 0-48-21.5-48-48V80c0-26.5 21.5-48 48-48h352c26.5 0 48 21.5 48 48zm-48 346V86c0-3.3-2.7-6-6-6H54c-3.3 0-6 2.7-6 6v340c0 3.3 2.7 6 6 6h340c3.3 0 6-2.7 6-6z\"><\/path><\/svg>\t\t\t<\/span>\n\t\t\t\t\t\t\t\t\t<span class=\"elementor-button-text\">E-SMART APP<\/span>\n\t\t\t\t\t<\/span>\n\t\t\t\t\t<\/a>\n\t\t\t\t<\/div>\n\t\t\t\t\t\t\t\t<\/div>\n\t\t\t\t<\/div>\n\t\t\t\t<\/div>\n\t\t<div class=\"elementor-element elementor-element-0012480 e-con-full e-flex e-con e-child\" data-id=\"0012480\" data-element_type=\"container\" data-e-type=\"container\">\n\t\t\t\t<div class=\"elementor-element elementor-element-0b38e75 elementor-widget elementor-widget-image\" data-id=\"0b38e75\" data-element_type=\"widget\" data-e-type=\"widget\" data-widget_type=\"image.default\">\n\t\t\t\t<div class=\"elementor-widget-container\">\n\t\t\t\t\t\t\t\t\t\t\t\t\t\t\t<img fetchpriority=\"high\" decoding=\"async\" width=\"800\" height=\"921\" src=\"https:\/\/www.mtec-systems.ch\/wp-content\/uploads\/sites\/31\/2024\/11\/handy-montage-1-889x1024.png\" class=\"attachment-large size-large wp-image-844\" alt=\"Das Dashboard der E-Smart-App\" srcset=\"https:\/\/www.mtec-systems.ch\/wp-content\/uploads\/sites\/31\/2024\/11\/handy-montage-1-889x1024.png 889w, https:\/\/www.mtec-systems.ch\/wp-content\/uploads\/sites\/31\/2024\/11\/handy-montage-1-261x300.png 261w, https:\/\/www.mtec-systems.ch\/wp-content\/uploads\/sites\/31\/2024\/11\/handy-montage-1-768x884.png 768w, https:\/\/www.mtec-systems.ch\/wp-content\/uploads\/sites\/31\/2024\/11\/handy-montage-1-1334x1536.png 1334w, https:\/\/www.mtec-systems.ch\/wp-content\/uploads\/sites\/31\/2024\/11\/handy-montage-1.png 1500w\" sizes=\"(max-width: 800px) 100vw, 800px\" \/>\t\t\t\t\t\t\t\t\t\t\t\t\t\t\t<\/div>\n\t\t\t\t<\/div>\n\t\t\t\t<\/div>\n\t\t\t\t\t<\/div>\n\t\t\t\t<\/div>\n\t\t\t\t<section class=\"elementor-section elementor-top-section elementor-element elementor-element-01951a8 elementor-section-full_width elementor-section-height-default elementor-section-height-default\" data-id=\"01951a8\" data-element_type=\"section\" data-e-type=\"section\">\n\t\t\t\t\t\t<div class=\"elementor-container elementor-column-gap-default\">\n\t\t\t\t\t<div class=\"elementor-column elementor-col-100 elementor-top-column elementor-element elementor-element-7b3d5fe\" data-id=\"7b3d5fe\" data-element_type=\"column\" data-e-type=\"column\">\n\t\t\t<div class=\"elementor-widget-wrap elementor-element-populated\">\n\t\t\t\t\t\t<div class=\"elementor-element elementor-element-401e5e7 elementor-widget-divider--view-line elementor-widget elementor-widget-divider\" data-id=\"401e5e7\" data-element_type=\"widget\" data-e-type=\"widget\" data-widget_type=\"divider.default\">\n\t\t\t\t<div class=\"elementor-widget-container\">\n\t\t\t\t\t\t\t<div class=\"elementor-divider\">\n\t\t\t<span class=\"elementor-divider-separator\">\n\t\t\t\t\t\t<\/span>\n\t\t<\/div>\n\t\t\t\t\t\t<\/div>\n\t\t\t\t<\/div>\n\t\t\t\t\t<\/div>\n\t\t<\/div>\n\t\t\t\t\t<\/div>\n\t\t<\/section>\n\t\t<div class=\"elementor-element elementor-element-94dc949 e-flex e-con-boxed e-con e-parent\" data-id=\"94dc949\" data-element_type=\"container\" data-e-type=\"container\">\n\t\t\t\t\t<div class=\"e-con-inner\">\n\t\t\t\t<div class=\"elementor-element elementor-element-2c64acd elementor-headline--style-highlight elementor-widget elementor-widget-animated-headline\" data-id=\"2c64acd\" data-element_type=\"widget\" data-e-type=\"widget\" data-settings=\"{&quot;marker&quot;:&quot;underline&quot;,&quot;highlighted_text&quot;:&quot;Design&quot;,&quot;headline_style&quot;:&quot;highlight&quot;,&quot;loop&quot;:&quot;yes&quot;,&quot;highlight_animation_duration&quot;:1200,&quot;highlight_iteration_delay&quot;:8000}\" data-widget_type=\"animated-headline.default\">\n\t\t\t\t<div class=\"elementor-widget-container\">\n\t\t\t\t\t\t\t<h3 class=\"elementor-headline\">\n\t\t\t\t\t<span class=\"elementor-headline-plain-text elementor-headline-text-wrapper\">New<\/span>\n\t\t\t\t<span class=\"elementor-headline-dynamic-wrapper elementor-headline-text-wrapper\">\n\t\t\t\t\t<span class=\"elementor-headline-dynamic-text elementor-headline-text-active\">Design<\/span>\n\t\t\t\t<\/span>\n\t\t\t\t\t<span class=\"elementor-headline-plain-text elementor-headline-text-wrapper\"><br>coming soon!<\/span>\n\t\t\t\t\t<\/h3>\n\t\t\t\t\t\t<\/div>\n\t\t\t\t<\/div>\n\t\t<div class=\"elementor-element elementor-element-a985b4f e-con-full e-flex e-con e-child\" data-id=\"a985b4f\" data-element_type=\"container\" data-e-type=\"container\">\n\t\t\t\t<div class=\"elementor-element elementor-element-a8a75f2 elementor-position-left elementor-vertical-align-top elementor-widget elementor-widget-image-box\" data-id=\"a8a75f2\" data-element_type=\"widget\" data-e-type=\"widget\" data-widget_type=\"image-box.default\">\n\t\t\t\t<div class=\"elementor-widget-container\">\n\t\t\t\t\t<div class=\"elementor-image-box-wrapper\"><figure class=\"elementor-image-box-img\"><a href=\"https:\/\/www.mtec-systems.fr\/products\/energy-hero\/\" tabindex=\"-1\" target=\"_blank\" rel=\"noopener\"><img decoding=\"async\" width=\"1024\" height=\"1024\" src=\"https:\/\/www.mtec-systems.ch\/wp-content\/uploads\/sites\/31\/2024\/11\/Energy-Hero-3.png\" class=\"attachment-full size-full wp-image-880\" alt=\"All-in-one L\u00f6sung in neuem Design, der Energy-Hero\" srcset=\"https:\/\/www.mtec-systems.ch\/wp-content\/uploads\/sites\/31\/2024\/11\/Energy-Hero-3.png 1024w, https:\/\/www.mtec-systems.ch\/wp-content\/uploads\/sites\/31\/2024\/11\/Energy-Hero-3-300x300.png 300w, https:\/\/www.mtec-systems.ch\/wp-content\/uploads\/sites\/31\/2024\/11\/Energy-Hero-3-150x150.png 150w, https:\/\/www.mtec-systems.ch\/wp-content\/uploads\/sites\/31\/2024\/11\/Energy-Hero-3-768x768.png 768w\" sizes=\"(max-width: 1024px) 100vw, 1024px\" \/><\/a><\/figure><div class=\"elementor-image-box-content\"><h3 class=\"elementor-image-box-title\"><a href=\"https:\/\/www.mtec-systems.fr\/products\/energy-hero\/\" target=\"_blank\" rel=\"noopener\">ENERGY-HERO<sup>&reg;<\/sup><\/a><\/h3><p class=\"elementor-image-box-description\">Le compteur intelligent prend en charge la distribution de l'\u00e9nergie dans le b\u00e2timent. Il combine les fonctions d'un compteur d'\u00e9nergie et d'un syst\u00e8me de gestion de l'\u00e9nergie en un seul appareil.<\/p><\/div><\/div>\t\t\t\t<\/div>\n\t\t\t\t<\/div>\n\t\t\t\t<\/div>\n\t\t<div class=\"elementor-element elementor-element-f7fb41e e-con-full e-flex e-con e-child\" data-id=\"f7fb41e\" data-element_type=\"container\" data-e-type=\"container\">\n\t\t\t\t<div class=\"elementor-element elementor-element-fa02c74 elementor-position-left elementor-vertical-align-top elementor-widget elementor-widget-image-box\" data-id=\"fa02c74\" data-element_type=\"widget\" data-e-type=\"widget\" data-widget_type=\"image-box.default\">\n\t\t\t\t<div class=\"elementor-widget-container\">\n\t\t\t\t\t<div class=\"elementor-image-box-wrapper\"><figure class=\"elementor-image-box-img\"><a href=\"https:\/\/www.mtec-systems.fr\/products\/energy-wizard\/\" tabindex=\"-1\" target=\"_blank\" rel=\"noopener\"><img decoding=\"async\" width=\"2560\" height=\"1824\" src=\"https:\/\/www.mtec-systems.ch\/wp-content\/uploads\/sites\/31\/2024\/05\/4-25KW_MTec-1-1-2.png\" class=\"attachment-full size-full wp-image-475\" alt=\"\" srcset=\"https:\/\/www.mtec-systems.ch\/wp-content\/uploads\/sites\/31\/2024\/05\/4-25KW_MTec-1-1-2.png 2560w, https:\/\/www.mtec-systems.ch\/wp-content\/uploads\/sites\/31\/2024\/05\/4-25KW_MTec-1-1-2-300x214.png 300w, https:\/\/www.mtec-systems.ch\/wp-content\/uploads\/sites\/31\/2024\/05\/4-25KW_MTec-1-1-2-1024x730.png 1024w, https:\/\/www.mtec-systems.ch\/wp-content\/uploads\/sites\/31\/2024\/05\/4-25KW_MTec-1-1-2-768x547.png 768w, https:\/\/www.mtec-systems.ch\/wp-content\/uploads\/sites\/31\/2024\/05\/4-25KW_MTec-1-1-2-1536x1094.png 1536w, https:\/\/www.mtec-systems.ch\/wp-content\/uploads\/sites\/31\/2024\/05\/4-25KW_MTec-1-1-2-2048x1459.png 2048w\" sizes=\"(max-width: 2560px) 100vw, 2560px\" \/><\/a><\/figure><div class=\"elementor-image-box-content\"><h3 class=\"elementor-image-box-title\"><a href=\"https:\/\/www.mtec-systems.fr\/products\/energy-wizard\/\" target=\"_blank\" rel=\"noopener\">ENERGY-WIZARD<\/a><\/h3><p class=\"elementor-image-box-description\">Onduleurs PV monophas\u00e9s et triphas\u00e9s de 3,6 \u00e0 25 kW. Installation rapide et facile gr\u00e2ce \u00e0 la conception plug &amp;amp play. Impressionne par sa faible production pendant le fonctionnement. <\/p><\/div><\/div>\t\t\t\t<\/div>\n\t\t\t\t<\/div>\n\t\t\t\t<\/div>\n\t\t<div class=\"elementor-element elementor-element-abee5d4 e-con-full e-flex e-con e-child\" data-id=\"abee5d4\" data-element_type=\"container\" data-e-type=\"container\">\n\t\t\t\t<div class=\"elementor-element elementor-element-351964c elementor-position-left elementor-vertical-align-top elementor-widget elementor-widget-image-box\" data-id=\"351964c\" data-element_type=\"widget\" data-e-type=\"widget\" data-widget_type=\"image-box.default\">\n\t\t\t\t<div class=\"elementor-widget-container\">\n\t\t\t\t\t<div class=\"elementor-image-box-wrapper\"><figure class=\"elementor-image-box-img\"><a href=\"https:\/\/www.mtec-systems.fr\/products\/energy-butler\/\" tabindex=\"-1\" target=\"_blank\" rel=\"noopener\"><img loading=\"lazy\" decoding=\"async\" width=\"1000\" height=\"1000\" src=\"https:\/\/www.mtec-systems.ch\/wp-content\/uploads\/sites\/31\/2024\/05\/butler-beide_2-1-1-2.jpg\" class=\"attachment-full size-full wp-image-479\" alt=\"\" srcset=\"https:\/\/www.mtec-systems.ch\/wp-content\/uploads\/sites\/31\/2024\/05\/butler-beide_2-1-1-2.jpg 1000w, https:\/\/www.mtec-systems.ch\/wp-content\/uploads\/sites\/31\/2024\/05\/butler-beide_2-1-1-2-300x300.jpg 300w, https:\/\/www.mtec-systems.ch\/wp-content\/uploads\/sites\/31\/2024\/05\/butler-beide_2-1-1-2-150x150.jpg 150w, https:\/\/www.mtec-systems.ch\/wp-content\/uploads\/sites\/31\/2024\/05\/butler-beide_2-1-1-2-768x768.jpg 768w\" sizes=\"(max-width: 1000px) 100vw, 1000px\" \/><\/a><\/figure><div class=\"elementor-image-box-content\"><h3 class=\"elementor-image-box-title\"><a href=\"https:\/\/www.mtec-systems.fr\/products\/energy-butler\/\" target=\"_blank\" rel=\"noopener\">ENERGY-BUTLER<\/a><\/h3><p class=\"elementor-image-box-description\">Onduleurs PV monophas\u00e9s et triphas\u00e9s de 7,7 \u00e0 30,7 kWh. Installation rapide et facile gr\u00e2ce \u00e0 la conception plug &amp;  play. Impressionne par sa faible production pendant le fonctionnement.<\/p><\/div><\/div>\t\t\t\t<\/div>\n\t\t\t\t<\/div>\n\t\t\t\t<\/div>\n\t\t<div class=\"elementor-element elementor-element-518eed9 e-con-full e-flex e-con e-child\" data-id=\"518eed9\" data-element_type=\"container\" data-e-type=\"container\">\n\t\t\t\t<div class=\"elementor-element elementor-element-92f7e9e elementor-position-left elementor-vertical-align-top elementor-widget elementor-widget-image-box\" data-id=\"92f7e9e\" data-element_type=\"widget\" data-e-type=\"widget\" data-widget_type=\"image-box.default\">\n\t\t\t\t<div class=\"elementor-widget-container\">\n\t\t\t\t\t<div class=\"elementor-image-box-wrapper\"><figure class=\"elementor-image-box-img\"><a href=\"https:\/\/www.mtec-systems.fr\/products\/energy-block\/\" tabindex=\"-1\" target=\"_blank\" rel=\"noopener\"><img loading=\"lazy\" decoding=\"async\" width=\"1000\" height=\"1000\" src=\"https:\/\/www.mtec-systems.ch\/wp-content\/uploads\/sites\/31\/2024\/05\/block_24-1-1-2.jpg\" class=\"attachment-full size-full wp-image-483\" alt=\"\" srcset=\"https:\/\/www.mtec-systems.ch\/wp-content\/uploads\/sites\/31\/2024\/05\/block_24-1-1-2.jpg 1000w, https:\/\/www.mtec-systems.ch\/wp-content\/uploads\/sites\/31\/2024\/05\/block_24-1-1-2-300x300.jpg 300w, https:\/\/www.mtec-systems.ch\/wp-content\/uploads\/sites\/31\/2024\/05\/block_24-1-1-2-150x150.jpg 150w, https:\/\/www.mtec-systems.ch\/wp-content\/uploads\/sites\/31\/2024\/05\/block_24-1-1-2-768x768.jpg 768w\" sizes=\"(max-width: 1000px) 100vw, 1000px\" \/><\/a><\/figure><div class=\"elementor-image-box-content\"><h3 class=\"elementor-image-box-title\"><a href=\"https:\/\/www.mtec-systems.fr\/products\/energy-block\/\" target=\"_blank\" rel=\"noopener\">ENERGY-BLOCK<\/a><\/h3><p class=\"elementor-image-box-description\">La puissante unit\u00e9 de stockage multifonctionnelle de 38 kWh \u00e0 1,8 MWh offre une capacit\u00e9 de charge et de d\u00e9charge tr\u00e8s \u00e9lev\u00e9e, une alimentation de secours compl\u00e8te et une installation rapide et facile.<\/p><\/div><\/div>\t\t\t\t<\/div>\n\t\t\t\t<\/div>\n\t\t\t\t<\/div>\n\t\t<div class=\"elementor-element elementor-element-2beeabd e-con-full e-flex e-con e-child\" data-id=\"2beeabd\" data-element_type=\"container\" data-e-type=\"container\">\n\t\t\t\t<div class=\"elementor-element elementor-element-450579f elementor-position-left elementor-vertical-align-top elementor-widget elementor-widget-image-box\" data-id=\"450579f\" data-element_type=\"widget\" data-e-type=\"widget\" data-widget_type=\"image-box.default\">\n\t\t\t\t<div class=\"elementor-widget-container\">\n\t\t\t\t\t<div class=\"elementor-image-box-wrapper\"><figure class=\"elementor-image-box-img\"><a href=\"https:\/\/www.mtec-systems.fr\/products\/energy-heater\/\" tabindex=\"-1\" target=\"_blank\" rel=\"noopener\"><img loading=\"lazy\" decoding=\"async\" width=\"1992\" height=\"1596\" src=\"https:\/\/www.mtec-systems.ch\/wp-content\/uploads\/sites\/31\/2024\/05\/heater-1-1-1-2.png\" class=\"attachment-full size-full wp-image-487\" alt=\"\" srcset=\"https:\/\/www.mtec-systems.ch\/wp-content\/uploads\/sites\/31\/2024\/05\/heater-1-1-1-2.png 1992w, https:\/\/www.mtec-systems.ch\/wp-content\/uploads\/sites\/31\/2024\/05\/heater-1-1-1-2-300x240.png 300w, https:\/\/www.mtec-systems.ch\/wp-content\/uploads\/sites\/31\/2024\/05\/heater-1-1-1-2-1024x820.png 1024w, https:\/\/www.mtec-systems.ch\/wp-content\/uploads\/sites\/31\/2024\/05\/heater-1-1-1-2-768x615.png 768w, https:\/\/www.mtec-systems.ch\/wp-content\/uploads\/sites\/31\/2024\/05\/heater-1-1-1-2-1536x1231.png 1536w\" sizes=\"(max-width: 1992px) 100vw, 1992px\" \/><\/a><\/figure><div class=\"elementor-image-box-content\"><h3 class=\"elementor-image-box-title\"><a href=\"https:\/\/www.mtec-systems.fr\/products\/energy-heater\/\" target=\"_blank\" rel=\"noopener\">ENERGY-HEATER<\/a><\/h3><p class=\"elementor-image-box-description\">R\u00e9gulation en continu de la puissance des \u00e9l\u00e9ments chauffants jusqu'\u00e0 9 kW pour une pr\u00e9paration simple de l'eau chaude gr\u00e2ce \u00e0 l'exc\u00e9dent photovolta\u00efque. Possibilit\u00e9 de raccorder des \u00e9l\u00e9ments chauffants monophas\u00e9s et triphas\u00e9s.<\/p><\/div><\/div>\t\t\t\t<\/div>\n\t\t\t\t<\/div>\n\t\t\t\t<\/div>\n\t\t<div class=\"elementor-element elementor-element-6d3a343 e-con-full e-flex e-con e-child\" data-id=\"6d3a343\" data-element_type=\"container\" data-e-type=\"container\">\n\t\t\t\t<div class=\"elementor-element elementor-element-3a4cedd elementor-position-left elementor-vertical-align-top elementor-widget elementor-widget-image-box\" data-id=\"3a4cedd\" data-element_type=\"widget\" data-e-type=\"widget\" data-widget_type=\"image-box.default\">\n\t\t\t\t<div class=\"elementor-widget-container\">\n\t\t\t\t\t<div class=\"elementor-image-box-wrapper\"><figure class=\"elementor-image-box-img\"><a href=\"https:\/\/www.mtec-systems.fr\/products\/energy-charger\/\" tabindex=\"-1\" target=\"_blank\" rel=\"noopener\"><img loading=\"lazy\" decoding=\"async\" width=\"2079\" height=\"2560\" src=\"https:\/\/www.mtec-systems.ch\/wp-content\/uploads\/sites\/31\/2024\/05\/wallbox_freigestellt-1-1-2.png\" class=\"attachment-full size-full wp-image-491\" alt=\"\" srcset=\"https:\/\/www.mtec-systems.ch\/wp-content\/uploads\/sites\/31\/2024\/05\/wallbox_freigestellt-1-1-2.png 2079w, https:\/\/www.mtec-systems.ch\/wp-content\/uploads\/sites\/31\/2024\/05\/wallbox_freigestellt-1-1-2-244x300.png 244w, https:\/\/www.mtec-systems.ch\/wp-content\/uploads\/sites\/31\/2024\/05\/wallbox_freigestellt-1-1-2-832x1024.png 832w, https:\/\/www.mtec-systems.ch\/wp-content\/uploads\/sites\/31\/2024\/05\/wallbox_freigestellt-1-1-2-768x946.png 768w, https:\/\/www.mtec-systems.ch\/wp-content\/uploads\/sites\/31\/2024\/05\/wallbox_freigestellt-1-1-2-1247x1536.png 1247w, https:\/\/www.mtec-systems.ch\/wp-content\/uploads\/sites\/31\/2024\/05\/wallbox_freigestellt-1-1-2-1663x2048.png 1663w\" sizes=\"(max-width: 2079px) 100vw, 2079px\" \/><\/a><\/figure><div class=\"elementor-image-box-content\"><h3 class=\"elementor-image-box-title\"><a href=\"https:\/\/www.mtec-systems.fr\/products\/energy-charger\/\" target=\"_blank\" rel=\"noopener\">ENERGY-CHARGER <\/a><\/h3><p class=\"elementor-image-box-description\">Station de recharge robuste pour 11 kW ou 22 kW. D\u00e9velopp\u00e9e, con\u00e7ue et fabriqu\u00e9e en Autriche. Disponible avec commutation de phase 1p - 3p int\u00e9gr\u00e9e, RFID, LAN, WLAN et avec des droits de mesure et d'\u00e9talonnage. Installation et configuration simples.<\/p><\/div><\/div>\t\t\t\t<\/div>\n\t\t\t\t<\/div>\n\t\t\t\t<\/div>\n\t\t\t\t\t<\/div>\n\t\t\t\t<\/div>\n\t\t\t\t<\/div>\n\t\t","protected":false},"excerpt":{"rendered":"<p>DES PRODUITS ET DES SERVICES POUR UN AVENIR DURABLE Produits et services pour la production et la gestion de l&rsquo;\u00e9lectricit\u00e9, de la chaleur et de la mobilit\u00e9 Nous proposons aux architectes, promoteurs immobiliers, planificateurs, installateurs et autres experts des solutions concr\u00e8tes et r\u00e9alisables \u00e0 partir d&rsquo;un syst\u00e8me modulaire pr\u00e9configur\u00e9. Profitez de notre exp\u00e9rience et de [&hellip;]<\/p>\n","protected":false},"author":16,"featured_media":0,"parent":0,"menu_order":0,"comment_status":"closed","ping_status":"closed","template":"","meta":{"footnotes":""},"class_list":["post-467","page","type-page","status-publish","hentry"],"_links":{"self":[{"href":"https:\/\/www.mtec-systems.ch\/fr\/wp-json\/wp\/v2\/pages\/467","targetHints":{"allow":["GET"]}}],"collection":[{"href":"https:\/\/www.mtec-systems.ch\/fr\/wp-json\/wp\/v2\/pages"}],"about":[{"href":"https:\/\/www.mtec-systems.ch\/fr\/wp-json\/wp\/v2\/types\/page"}],"author":[{"embeddable":true,"href":"https:\/\/www.mtec-systems.ch\/fr\/wp-json\/wp\/v2\/users\/16"}],"replies":[{"embeddable":true,"href":"https:\/\/www.mtec-systems.ch\/fr\/wp-json\/wp\/v2\/comments?post=467"}],"version-history":[{"count":3,"href":"https:\/\/www.mtec-systems.ch\/fr\/wp-json\/wp\/v2\/pages\/467\/revisions"}],"predecessor-version":[{"id":967,"href":"https:\/\/www.mtec-systems.ch\/fr\/wp-json\/wp\/v2\/pages\/467\/revisions\/967"}],"wp:attachment":[{"href":"https:\/\/www.mtec-systems.ch\/fr\/wp-json\/wp\/v2\/media?parent=467"}],"curies":[{"name":"wp","href":"https:\/\/api.w.org\/{rel}","templated":true}]}}